{"id":789,"date":"2020-03-18T18:52:03","date_gmt":"2020-03-18T18:52:03","guid":{"rendered":"https:\/\/the7.io\/elementor-minimal-creative-light\/?page_id=789"},"modified":"2025-05-06T18:04:40","modified_gmt":"2025-05-06T18:04:40","slug":"servicios-barberia-marcelo-barber-shop","status":"publish","type":"page","link":"https:\/\/marcelobarbershop.com\/index.php\/projects\/servicios-barberia-marcelo-barber-shop\/","title":{"rendered":"Servicios"},"content":{"rendered":"\t\t<div data-elementor-type=\"wp-page\" data-elementor-id=\"789\" class=\"elementor elementor-789\" data-elementor-post-type=\"page\">\n\t\t\t\t\t\t<section class=\"elementor-section elementor-top-section elementor-element elementor-element-7326c3bc elementor-section-full_width elementor-section-height-default elementor-section-height-default\" data-id=\"7326c3bc\" data-element_type=\"section\" data-e-type=\"section\">\n\t\t\t\t\t\t<div class=\"elementor-container elementor-column-gap-no\">\n\t\t\t\t\t<div class=\"elementor-column elementor-col-100 elementor-top-column elementor-element elementor-element-700106e3\" data-id=\"700106e3\" data-element_type=\"column\" data-e-type=\"column\">\n\t\t\t<div class=\"elementor-widget-wrap elementor-element-populated\">\n\t\t\t\t\t\t<div class=\"elementor-element elementor-element-e3893bc elementor-widget elementor-widget-shortcode\" data-id=\"e3893bc\" data-element_type=\"widget\" data-e-type=\"widget\" data-widget_type=\"shortcode.default\">\n\t\t\t\t<div class=\"elementor-widget-container\">\n\t\t\t\t\t\t\t<div class=\"elementor-shortcode\"><button id=\"listenButton1\" class=\"responsivevoice-button\" type=\"button\" value=\"Play\" title=\"ResponsiveVoice Tap to Start\/Stop Speech\"><span>&#128266; Pulsa para escuchar la p\u00e1gina<\/span><\/button>\n        <script>\n            listenButton1.onclick = function(){\n                if(responsiveVoice.isPlaying()){\n                    responsiveVoice.cancel();\n                }else{\n                    responsiveVoice.speak(\"Cortes de peloCorte Cl\u00e1sico: Un corte de pelo atemporal que nunca pasa de moda, perfecto para aquellos que buscan un estilo tradicional y pulido. Corte Moderno: \u00bfQuieres estar a la moda? Nuestros barberos est\u00e1n al tanto de las \u00faltimas tendencias y te proporcionar\u00e1n un corte moderno y vanguardista que te har\u00e1 destacar.Solicitar cita.Afeitado y arreglos de barbaAfeitado Cl\u00e1sico: Sum\u00e9rgete en la nostalgia con nuestro afeitado cl\u00e1sico, donde utilizamos t\u00e9cnicas tradicionales y productos de calidad para un afeitado suave y refrescante. Afeitado de Barba: Para los amantes de la barba, ofrecemos afeitados y arreglos de barba precisos que mantendr\u00e1n tu aspecto impecable.Solicitar cita.Venta de productosTambi\u00e9n te brindamos consejos y productos de alta calidad para el cuidado de tu cabello y barba. Nuestra selecci\u00f3n de productos de cuidado personal est\u00e1 dise\u00f1ada para mantener tu cabello y barba en su mejor estado, para que puedas lucir siempre elegante y cuidado.Solicitar cita.\", \"Spanish Female\");\n                }\n            };\n        <\/script>\n    <\/div>\n\t\t\t\t\t\t<\/div>\n\t\t\t\t<\/div>\n\t\t\t\t<div class=\"elementor-element elementor-element-2d8c1ce elementor--h-position-right elementor--v-position-middle elementor-arrows-position-inside elementor-widget elementor-widget-slides\" data-id=\"2d8c1ce\" data-element_type=\"widget\" data-e-type=\"widget\" data-settings=\"{&quot;navigation&quot;:&quot;arrows&quot;,&quot;transition_speed&quot;:800,&quot;autoplay&quot;:&quot;yes&quot;,&quot;pause_on_hover&quot;:&quot;yes&quot;,&quot;pause_on_interaction&quot;:&quot;yes&quot;,&quot;autoplay_speed&quot;:5000,&quot;infinite&quot;:&quot;yes&quot;,&quot;transition&quot;:&quot;slide&quot;}\" data-widget_type=\"slides.default\">\n\t\t\t\t<div class=\"elementor-widget-container\">\n\t\t\t\t\t\t\t\t\t<div class=\"elementor-swiper\">\n\t\t\t\t\t<div class=\"elementor-slides-wrapper elementor-main-swiper swiper\" role=\"region\" aria-roledescription=\"carousel\" aria-label=\"Slides\" dir=\"ltr\" data-animation=\"fadeInRight\">\n\t\t\t\t<div class=\"swiper-wrapper elementor-slides\">\n\t\t\t\t\t\t\t\t\t\t<div class=\"elementor-repeater-item-fd7b0fe swiper-slide\" role=\"group\" aria-roledescription=\"slide\"><div class=\"swiper-slide-bg\" role=\"img\"><\/div><div class=\"swiper-slide-inner\" ><div class=\"swiper-slide-contents\"><div class=\"elementor-slide-heading\">Cortes de pelo<\/div><div class=\"elementor-slide-description\">Corte Cl\u00e1sico: Un corte de pelo atemporal que nunca pasa de moda, perfecto para aquellos que buscan un estilo tradicional y pulido.\n\nCorte Moderno: \u00bfQuieres estar a la moda? Nuestros barberos est\u00e1n al tanto de las \u00faltimas tendencias y te proporcionar\u00e1n un corte moderno y vanguardista que te har\u00e1 destacar.<\/div><a href=\"https:\/\/booksy.com\/es-es\/5912_marcelo-barbershop_barberia_42471_leon\" target=\"_blank\" class=\"elementor-button elementor-slide-button elementor-size-md\">Solicitar cita.<\/a><\/div><\/div><\/div><div class=\"elementor-repeater-item-ad99ce3 swiper-slide\" role=\"group\" aria-roledescription=\"slide\"><div class=\"swiper-slide-bg\" role=\"img\"><\/div><div class=\"swiper-slide-inner\" ><div class=\"swiper-slide-contents\"><div class=\"elementor-slide-heading\">Afeitado y arreglos de barba<\/div><div class=\"elementor-slide-description\">Afeitado Cl\u00e1sico: Sum\u00e9rgete en la nostalgia con nuestro afeitado cl\u00e1sico, donde utilizamos t\u00e9cnicas tradicionales y productos de calidad para un afeitado suave y refrescante.\n\nAfeitado de Barba: Para los amantes de la barba, ofrecemos afeitados y arreglos de barba precisos que mantendr\u00e1n tu aspecto impecable.<\/div><a href=\"https:\/\/booksy.com\/es-es\/5912_marcelo-barbershop_barberia_42471_leon\" target=\"_blank\" class=\"elementor-button elementor-slide-button elementor-size-md\">Solicitar cita.<\/a><\/div><\/div><\/div><div class=\"elementor-repeater-item-bc666dd swiper-slide\" role=\"group\" aria-roledescription=\"slide\"><div class=\"swiper-slide-bg\" role=\"img\"><\/div><div class=\"swiper-slide-inner\" ><div class=\"swiper-slide-contents\"><div class=\"elementor-slide-heading\">Venta de productos<\/div><div class=\"elementor-slide-description\">Tambi\u00e9n te brindamos consejos y productos de alta calidad para el cuidado de tu cabello y barba. Nuestra selecci\u00f3n de productos de cuidado personal est\u00e1 dise\u00f1ada para mantener tu cabello y barba en su mejor estado, para que puedas lucir siempre elegante y cuidado.<\/div><a href=\"https:\/\/booksy.com\/es-es\/5912_marcelo-barbershop_barberia_42471_leon\" target=\"_blank\" class=\"elementor-button elementor-slide-button elementor-size-md\">Solicitar cita.<\/a><\/div><\/div><\/div>\t\t\t\t<\/div>\n\t\t\t\t\t\t\t\t\t\t\t\t\t\t\t<div class=\"elementor-swiper-button elementor-swiper-button-prev\" role=\"button\" tabindex=\"0\" aria-label=\"Previous slide\">\n\t\t\t\t\t\t\t<i aria-hidden=\"true\" class=\"eicon-chevron-left\"><\/i>\t\t\t\t\t\t<\/div>\n\t\t\t\t\t\t<div class=\"elementor-swiper-button elementor-swiper-button-next\" role=\"button\" tabindex=\"0\" aria-label=\"Next slide\">\n\t\t\t\t\t\t\t<i aria-hidden=\"true\" class=\"eicon-chevron-right\"><\/i>\t\t\t\t\t\t<\/div>\n\t\t\t\t\t\t\t\t\t\t\t\t\t\t\t\t\t<\/div>\n\t\t\t\t<\/div>\n\t\t\t\t\t\t\t\t<\/div>\n\t\t\t\t<\/div>\n\t\t\t\t\t<\/div>\n\t\t<\/div>\n\t\t\t\t\t<\/div>\n\t\t<\/section>\n\t\t\t\t<\/div>\n\t\t","protected":false},"excerpt":{"rendered":"<p>Cortes de peloCorte Cl\u00e1sico: Un corte de pelo atemporal que nunca pasa de moda, perfecto para aquellos que buscan un estilo tradicional y pulido. Corte Moderno: \u00bfQuieres estar a la moda? Nuestros barberos est\u00e1n al tanto de las \u00faltimas tendencias y te proporcionar\u00e1n un corte moderno y vanguardista que te har\u00e1 destacar.Solicitar cita.Afeitado y arreglos&hellip;<\/p>\n","protected":false},"author":1,"featured_media":0,"parent":19,"menu_order":90,"comment_status":"closed","ping_status":"closed","template":"","meta":{"footnotes":""},"class_list":["post-789","page","type-page","status-publish","hentry"],"yoast_head":"<!-- This site is optimized with the Yoast SEO plugin v27.4 - https:\/\/yoast.com\/product\/yoast-seo-wordpress\/ -->\n<title>Servicios - Marcelo Barber Shop Servicios de Barber\u00eda en Marcelo Barber Shop: Cortes y Afeitados a tu Estilo<\/title>\n<meta name=\"description\" content=\"Descubre nuestros servicios de corte de pelo y afeitado en Marcelo Barber Shop. Desde el atemporal Corte Cl\u00e1sico hasta el moderno y vanguardista Corte Moderno, as\u00ed como afeitados suaves y precisos. Adem\u00e1s, te brindamos consejos y productos de calidad para el cuidado de tu cabello y barba. \u00a1Lucir elegante y cuidado nunca ha sido tan sencillo!\" \/>\n<meta name=\"robots\" content=\"index, follow, max-snippet:-1, max-image-preview:large, max-video-preview:-1\" \/>\n<link rel=\"canonical\" href=\"https:\/\/marcelobarbershop.com\/index.php\/projects\/servicios-barberia-marcelo-barber-shop\/\" \/>\n<meta property=\"og:locale\" content=\"es_ES\" \/>\n<meta property=\"og:type\" content=\"article\" \/>\n<meta property=\"og:title\" content=\"Servicios - Marcelo Barber Shop Servicios de Barber\u00eda en Marcelo Barber Shop: Cortes y Afeitados a tu Estilo\" \/>\n<meta property=\"og:description\" content=\"Descubre nuestros servicios de corte de pelo y afeitado en Marcelo Barber Shop. Desde el atemporal Corte Cl\u00e1sico hasta el moderno y vanguardista Corte Moderno, as\u00ed como afeitados suaves y precisos. Adem\u00e1s, te brindamos consejos y productos de calidad para el cuidado de tu cabello y barba. \u00a1Lucir elegante y cuidado nunca ha sido tan sencillo!\" \/>\n<meta property=\"og:url\" content=\"https:\/\/marcelobarbershop.com\/index.php\/projects\/servicios-barberia-marcelo-barber-shop\/\" \/>\n<meta property=\"og:site_name\" content=\"Marcelo Barber Shop\" \/>\n<meta property=\"article:publisher\" content=\"https:\/\/www.facebook.com\/MarceloBarberShopLeon\" \/>\n<meta property=\"article:modified_time\" content=\"2025-05-06T18:04:40+00:00\" \/>\n<meta name=\"twitter:card\" content=\"summary_large_image\" \/>\n<meta name=\"twitter:label1\" content=\"Tiempo de lectura\" \/>\n\t<meta name=\"twitter:data1\" content=\"3 minutos\" \/>\n<script type=\"application\/ld+json\" class=\"yoast-schema-graph\">{\"@context\":\"https:\\\/\\\/schema.org\",\"@graph\":[{\"@type\":\"WebPage\",\"@id\":\"https:\\\/\\\/marcelobarbershop.com\\\/index.php\\\/projects\\\/servicios-barberia-marcelo-barber-shop\\\/\",\"url\":\"https:\\\/\\\/marcelobarbershop.com\\\/index.php\\\/projects\\\/servicios-barberia-marcelo-barber-shop\\\/\",\"name\":\"Servicios - Marcelo Barber Shop Servicios de Barber\u00eda en Marcelo Barber Shop: Cortes y Afeitados a tu Estilo\",\"isPartOf\":{\"@id\":\"https:\\\/\\\/marcelobarbershop.com\\\/#website\"},\"datePublished\":\"2020-03-18T18:52:03+00:00\",\"dateModified\":\"2025-05-06T18:04:40+00:00\",\"description\":\"Descubre nuestros servicios de corte de pelo y afeitado en Marcelo Barber Shop. Desde el atemporal Corte Cl\u00e1sico hasta el moderno y vanguardista Corte Moderno, as\u00ed como afeitados suaves y precisos. Adem\u00e1s, te brindamos consejos y productos de calidad para el cuidado de tu cabello y barba. \u00a1Lucir elegante y cuidado nunca ha sido tan sencillo!\",\"breadcrumb\":{\"@id\":\"https:\\\/\\\/marcelobarbershop.com\\\/index.php\\\/projects\\\/servicios-barberia-marcelo-barber-shop\\\/#breadcrumb\"},\"inLanguage\":\"es\",\"potentialAction\":[{\"@type\":\"ReadAction\",\"target\":[\"https:\\\/\\\/marcelobarbershop.com\\\/index.php\\\/projects\\\/servicios-barberia-marcelo-barber-shop\\\/\"]}]},{\"@type\":\"BreadcrumbList\",\"@id\":\"https:\\\/\\\/marcelobarbershop.com\\\/index.php\\\/projects\\\/servicios-barberia-marcelo-barber-shop\\\/#breadcrumb\",\"itemListElement\":[{\"@type\":\"ListItem\",\"position\":1,\"name\":\"Portada\",\"item\":\"https:\\\/\\\/marcelobarbershop.com\\\/\"},{\"@type\":\"ListItem\",\"position\":2,\"name\":\"Projects\",\"item\":\"https:\\\/\\\/marcelobarbershop.com\\\/index.php\\\/projects\\\/\"},{\"@type\":\"ListItem\",\"position\":3,\"name\":\"Servicios\"}]},{\"@type\":\"WebSite\",\"@id\":\"https:\\\/\\\/marcelobarbershop.com\\\/#website\",\"url\":\"https:\\\/\\\/marcelobarbershop.com\\\/\",\"name\":\"Marcelo Barber Shop\",\"description\":\"La soluci\u00f3n integral para tu pelo y barba en Le\u00f3n\",\"publisher\":{\"@id\":\"https:\\\/\\\/marcelobarbershop.com\\\/#organization\"},\"potentialAction\":[{\"@type\":\"SearchAction\",\"target\":{\"@type\":\"EntryPoint\",\"urlTemplate\":\"https:\\\/\\\/marcelobarbershop.com\\\/?s={search_term_string}\"},\"query-input\":{\"@type\":\"PropertyValueSpecification\",\"valueRequired\":true,\"valueName\":\"search_term_string\"}}],\"inLanguage\":\"es\"},{\"@type\":\"Organization\",\"@id\":\"https:\\\/\\\/marcelobarbershop.com\\\/#organization\",\"name\":\"Marcelo Barber Shop\",\"url\":\"https:\\\/\\\/marcelobarbershop.com\\\/\",\"logo\":{\"@type\":\"ImageObject\",\"inLanguage\":\"es\",\"@id\":\"https:\\\/\\\/marcelobarbershop.com\\\/#\\\/schema\\\/logo\\\/image\\\/\",\"url\":\"https:\\\/\\\/marcelobarbershop.com\\\/wp-content\\\/uploads\\\/2023\\\/10\\\/marcelo-barber-shop-logo-grande.png\",\"contentUrl\":\"https:\\\/\\\/marcelobarbershop.com\\\/wp-content\\\/uploads\\\/2023\\\/10\\\/marcelo-barber-shop-logo-grande.png\",\"width\":605,\"height\":489,\"caption\":\"Marcelo Barber Shop\"},\"image\":{\"@id\":\"https:\\\/\\\/marcelobarbershop.com\\\/#\\\/schema\\\/logo\\\/image\\\/\"},\"sameAs\":[\"https:\\\/\\\/www.facebook.com\\\/MarceloBarberShopLeon\"]}]}<\/script>\n<!-- \/ Yoast SEO plugin. -->","yoast_head_json":{"title":"Servicios - Marcelo Barber Shop Servicios de Barber\u00eda en Marcelo Barber Shop: Cortes y Afeitados a tu Estilo","description":"Descubre nuestros servicios de corte de pelo y afeitado en Marcelo Barber Shop. Desde el atemporal Corte Cl\u00e1sico hasta el moderno y vanguardista Corte Moderno, as\u00ed como afeitados suaves y precisos. Adem\u00e1s, te brindamos consejos y productos de calidad para el cuidado de tu cabello y barba. \u00a1Lucir elegante y cuidado nunca ha sido tan sencillo!","robots":{"index":"index","follow":"follow","max-snippet":"max-snippet:-1","max-image-preview":"max-image-preview:large","max-video-preview":"max-video-preview:-1"},"canonical":"https:\/\/marcelobarbershop.com\/index.php\/projects\/servicios-barberia-marcelo-barber-shop\/","og_locale":"es_ES","og_type":"article","og_title":"Servicios - Marcelo Barber Shop Servicios de Barber\u00eda en Marcelo Barber Shop: Cortes y Afeitados a tu Estilo","og_description":"Descubre nuestros servicios de corte de pelo y afeitado en Marcelo Barber Shop. Desde el atemporal Corte Cl\u00e1sico hasta el moderno y vanguardista Corte Moderno, as\u00ed como afeitados suaves y precisos. Adem\u00e1s, te brindamos consejos y productos de calidad para el cuidado de tu cabello y barba. \u00a1Lucir elegante y cuidado nunca ha sido tan sencillo!","og_url":"https:\/\/marcelobarbershop.com\/index.php\/projects\/servicios-barberia-marcelo-barber-shop\/","og_site_name":"Marcelo Barber Shop","article_publisher":"https:\/\/www.facebook.com\/MarceloBarberShopLeon","article_modified_time":"2025-05-06T18:04:40+00:00","twitter_card":"summary_large_image","twitter_misc":{"Tiempo de lectura":"3 minutos"},"schema":{"@context":"https:\/\/schema.org","@graph":[{"@type":"WebPage","@id":"https:\/\/marcelobarbershop.com\/index.php\/projects\/servicios-barberia-marcelo-barber-shop\/","url":"https:\/\/marcelobarbershop.com\/index.php\/projects\/servicios-barberia-marcelo-barber-shop\/","name":"Servicios - Marcelo Barber Shop Servicios de Barber\u00eda en Marcelo Barber Shop: Cortes y Afeitados a tu Estilo","isPartOf":{"@id":"https:\/\/marcelobarbershop.com\/#website"},"datePublished":"2020-03-18T18:52:03+00:00","dateModified":"2025-05-06T18:04:40+00:00","description":"Descubre nuestros servicios de corte de pelo y afeitado en Marcelo Barber Shop. Desde el atemporal Corte Cl\u00e1sico hasta el moderno y vanguardista Corte Moderno, as\u00ed como afeitados suaves y precisos. Adem\u00e1s, te brindamos consejos y productos de calidad para el cuidado de tu cabello y barba. \u00a1Lucir elegante y cuidado nunca ha sido tan sencillo!","breadcrumb":{"@id":"https:\/\/marcelobarbershop.com\/index.php\/projects\/servicios-barberia-marcelo-barber-shop\/#breadcrumb"},"inLanguage":"es","potentialAction":[{"@type":"ReadAction","target":["https:\/\/marcelobarbershop.com\/index.php\/projects\/servicios-barberia-marcelo-barber-shop\/"]}]},{"@type":"BreadcrumbList","@id":"https:\/\/marcelobarbershop.com\/index.php\/projects\/servicios-barberia-marcelo-barber-shop\/#breadcrumb","itemListElement":[{"@type":"ListItem","position":1,"name":"Portada","item":"https:\/\/marcelobarbershop.com\/"},{"@type":"ListItem","position":2,"name":"Projects","item":"https:\/\/marcelobarbershop.com\/index.php\/projects\/"},{"@type":"ListItem","position":3,"name":"Servicios"}]},{"@type":"WebSite","@id":"https:\/\/marcelobarbershop.com\/#website","url":"https:\/\/marcelobarbershop.com\/","name":"Marcelo Barber Shop","description":"La soluci\u00f3n integral para tu pelo y barba en Le\u00f3n","publisher":{"@id":"https:\/\/marcelobarbershop.com\/#organization"},"potentialAction":[{"@type":"SearchAction","target":{"@type":"EntryPoint","urlTemplate":"https:\/\/marcelobarbershop.com\/?s={search_term_string}"},"query-input":{"@type":"PropertyValueSpecification","valueRequired":true,"valueName":"search_term_string"}}],"inLanguage":"es"},{"@type":"Organization","@id":"https:\/\/marcelobarbershop.com\/#organization","name":"Marcelo Barber Shop","url":"https:\/\/marcelobarbershop.com\/","logo":{"@type":"ImageObject","inLanguage":"es","@id":"https:\/\/marcelobarbershop.com\/#\/schema\/logo\/image\/","url":"https:\/\/marcelobarbershop.com\/wp-content\/uploads\/2023\/10\/marcelo-barber-shop-logo-grande.png","contentUrl":"https:\/\/marcelobarbershop.com\/wp-content\/uploads\/2023\/10\/marcelo-barber-shop-logo-grande.png","width":605,"height":489,"caption":"Marcelo Barber Shop"},"image":{"@id":"https:\/\/marcelobarbershop.com\/#\/schema\/logo\/image\/"},"sameAs":["https:\/\/www.facebook.com\/MarceloBarberShopLeon"]}]}},"_links":{"self":[{"href":"https:\/\/marcelobarbershop.com\/index.php\/wp-json\/wp\/v2\/pages\/789","targetHints":{"allow":["GET"]}}],"collection":[{"href":"https:\/\/marcelobarbershop.com\/index.php\/wp-json\/wp\/v2\/pages"}],"about":[{"href":"https:\/\/marcelobarbershop.com\/index.php\/wp-json\/wp\/v2\/types\/page"}],"author":[{"embeddable":true,"href":"https:\/\/marcelobarbershop.com\/index.php\/wp-json\/wp\/v2\/users\/1"}],"replies":[{"embeddable":true,"href":"https:\/\/marcelobarbershop.com\/index.php\/wp-json\/wp\/v2\/comments?post=789"}],"version-history":[{"count":44,"href":"https:\/\/marcelobarbershop.com\/index.php\/wp-json\/wp\/v2\/pages\/789\/revisions"}],"predecessor-version":[{"id":6293,"href":"https:\/\/marcelobarbershop.com\/index.php\/wp-json\/wp\/v2\/pages\/789\/revisions\/6293"}],"up":[{"embeddable":true,"href":"https:\/\/marcelobarbershop.com\/index.php\/wp-json\/wp\/v2\/pages\/19"}],"wp:attachment":[{"href":"https:\/\/marcelobarbershop.com\/index.php\/wp-json\/wp\/v2\/media?parent=789"}],"curies":[{"name":"wp","href":"https:\/\/api.w.org\/{rel}","templated":true}]}}